{"id":5017,"date":"2020-04-27T14:42:58","date_gmt":"2020-04-27T14:42:58","guid":{"rendered":"https:\/\/topalogluyapivegayrimenkul.com\/homepage\/"},"modified":"2024-03-06T18:12:59","modified_gmt":"2024-03-06T18:12:59","slug":"homepage","status":"publish","type":"page","link":"https:\/\/topalogluyapivegayrimenkul.com\/en\/","title":{"rendered":"HOMEPAGE"},"content":{"rendered":"\t\t<div data-elementor-type=\"wp-page\" data-elementor-id=\"5017\" class=\"elementor elementor-5017 elementor-395\">\n\t\t\t\t\t\t<section class=\"elementor-section elementor-top-section elementor-element elementor-element-96014c9 elementor-section-full_width elementor-section-height-default elementor-section-height-default qodef-elementor-content-no\" data-id=\"96014c9\" data-element_type=\"section\">\n\t\t\t\t\t\t<div class=\"elementor-container elementor-column-gap-no\">\n\t\t\t\t\t<div class=\"elementor-column elementor-col-100 elementor-top-column elementor-element elementor-element-9fce07f\" data-id=\"9fce07f\" data-element_type=\"column\">\n\t\t\t<div class=\"elementor-widget-wrap elementor-element-populated\">\n\t\t\t\t\t\t<div class=\"elementor-element elementor-element-0a23140 elementor-widget elementor-widget-slider_revolution\" data-id=\"0a23140\" data-element_type=\"widget\" data-widget_type=\"slider_revolution.default\">\n\t\t\t\t<div class=\"elementor-widget-container\">\n\t\t\t\n\t\t<div class=\"wp-block-themepunch-revslider\">\n\t\t\t<!-- START Camden REVOLUTION SLIDER 6.6.11 --><p class=\"rs-p-wp-fix\"><\/p>\n\t\t\t<rs-module-wrap id=\"rev_slider_10_1_wrapper\" data-source=\"gallery\" style=\"visibility:hidden;background:transparent;padding:0;\">\n\t\t\t\t<rs-module id=\"rev_slider_10_1\" style=\"\" data-version=\"6.6.11\">\n\t\t\t\t\t<rs-slides style=\"overflow: hidden; position: absolute;\">\n\t\t\t\t\t\t<rs-slide style=\"position: absolute;\" data-key=\"rs-17\" data-title=\"Slide\" data-thumb=\"\/\/topalogluyapivegayrimenkul.com\/wp-content\/uploads\/2024\/01\/anasayfa-1-rev-background-3_1-50x100.jpg\" data-in=\"o:0;\" data-out=\"a:false;\">\n\t\t\t\t\t\t\t<img fetchpriority=\"high\" decoding=\"async\" src=\"\/\/topalogluyapivegayrimenkul.com\/wp-content\/plugins\/revslider\/public\/assets\/assets\/dummy.png\" alt=\"\" title=\"anasayfa-1-rev-background-3_1\" width=\"1920\" height=\"1100\" class=\"rev-slidebg tp-rs-img rs-lazyload\" data-lazyload=\"\/\/topalogluyapivegayrimenkul.com\/wp-content\/uploads\/2024\/01\/anasayfa-1-rev-background-3_1.jpg\" data-bg=\"p:left bottom;\" data-panzoom=\"d:10000;ss:100%;se:108%;\" data-no-retina>\n<!--\n\t\t\t\t\t\t\t--><rs-layer\n\t\t\t\t\t\t\t\tid=\"slider-10-slide-17-layer-0\" \n\t\t\t\t\t\t\t\tdata-type=\"text\"\n\t\t\t\t\t\t\t\tdata-color=\"#f2ca6b\"\n\t\t\t\t\t\t\t\tdata-xy=\"x:c;y:m;yo:20px,48px,56px,77px;\"\n\t\t\t\t\t\t\t\tdata-text=\"w:normal;s:15;l:31,31,31,28;ls:12px,12px,12px,8px;fw:500;a:center;\"\n\t\t\t\t\t\t\t\tdata-dim=\"w:640px,560px,550px,320px;\"\n\t\t\t\t\t\t\t\tdata-rsp_bd=\"off\"\n\t\t\t\t\t\t\t\tdata-frame_0=\"y:50,26,17,7;\"\n\t\t\t\t\t\t\t\tdata-frame_1=\"st:800;sp:1000;sR:800;\"\n\t\t\t\t\t\t\t\tdata-frame_999=\"o:0;st:w;sR:4200;\"\n\t\t\t\t\t\t\t\tstyle=\"z-index:10;font-family:'Raleway';text-transform:uppercase;\"\n\t\t\t\t\t\t\t>PAZARCI MAHALLES\u0130  \n\t\t\t\t\t\t\t<\/rs-layer><!--\n\n\t\t\t\t\t\t\t--><rs-layer\n\t\t\t\t\t\t\t\tid=\"slider-10-slide-17-layer-1\" \n\t\t\t\t\t\t\t\tdata-type=\"text\"\n\t\t\t\t\t\t\t\tdata-xy=\"x:c;y:m;yo:-30px,-45px,-32px,28px;\"\n\t\t\t\t\t\t\t\tdata-text=\"w:normal;s:48,120,90,48;l:160,120,95,50;ls:12px,6px,15px,7px;\"\n\t\t\t\t\t\t\t\tdata-rsp_bd=\"off\"\n\t\t\t\t\t\t\t\tdata-frame_0=\"x:-50,-26,-17,-7;\"\n\t\t\t\t\t\t\t\tdata-frame_1=\"st:500;sp:1000;sR:500;\"\n\t\t\t\t\t\t\t\tdata-frame_999=\"o:0;st:w;sR:4500;\"\n\t\t\t\t\t\t\t\tstyle=\"z-index:5;font-family:'Cormorant Garamond';text-transform:uppercase;\"\n\t\t\t\t\t\t\t>ELITE LIFE \n\t\t\t\t\t\t\t<\/rs-layer><!--\n-->\t\t\t\t\t\t<\/rs-slide>\n\t\t\t\t\t\t<rs-slide style=\"position: absolute;\" data-key=\"rs-19\" data-title=\"Slide\" data-thumb=\"\/\/topalogluyapivegayrimenkul.com\/wp-content\/uploads\/2024\/02\/mulazimagaoglu-slider-01-50x100.jpg\" data-in=\"o:0;\" data-out=\"a:false;\">\n\t\t\t\t\t\t\t<img decoding=\"async\" src=\"\/\/topalogluyapivegayrimenkul.com\/wp-content\/plugins\/revslider\/public\/assets\/assets\/dummy.png\" alt=\"\" title=\"mulazimagaoglu-slider-01\" width=\"1920\" height=\"1100\" class=\"rev-slidebg tp-rs-img rs-lazyload\" data-lazyload=\"\/\/topalogluyapivegayrimenkul.com\/wp-content\/uploads\/2024\/02\/mulazimagaoglu-slider-01.jpg\" data-bg=\"p:left bottom;\" data-panzoom=\"d:10000;ss:100;se:108%;\" data-no-retina>\n<!--\n\t\t\t\t\t\t\t--><rs-layer\n\t\t\t\t\t\t\t\tid=\"slider-10-slide-19-layer-12\" \n\t\t\t\t\t\t\t\tdata-type=\"text\"\n\t\t\t\t\t\t\t\tdata-color=\"#f2ca6b\"\n\t\t\t\t\t\t\t\tdata-xy=\"x:c;y:m;yo:20px,48px,56px,77px;\"\n\t\t\t\t\t\t\t\tdata-text=\"w:normal;s:15;l:31,31,31,28;ls:12px,12px,12px,8px;fw:500;a:center;\"\n\t\t\t\t\t\t\t\tdata-dim=\"w:640px,560px,550px,320px;\"\n\t\t\t\t\t\t\t\tdata-rsp_bd=\"off\"\n\t\t\t\t\t\t\t\tdata-frame_0=\"y:50,26,17,7;\"\n\t\t\t\t\t\t\t\tdata-frame_1=\"st:800;sp:1000;sR:800;\"\n\t\t\t\t\t\t\t\tdata-frame_999=\"o:0;st:w;sR:4200;\"\n\t\t\t\t\t\t\t\tstyle=\"z-index:10;font-family:'Raleway';text-transform:uppercase;\"\n\t\t\t\t\t\t\t>PAZARCI MAHALLES\u0130  \n\t\t\t\t\t\t\t<\/rs-layer><!--\n\n\t\t\t\t\t\t\t--><rs-layer\n\t\t\t\t\t\t\t\tid=\"slider-10-slide-19-layer-13\" \n\t\t\t\t\t\t\t\tdata-type=\"text\"\n\t\t\t\t\t\t\t\tdata-xy=\"x:c;y:m;yo:-30px,-45px,-32px,28px;\"\n\t\t\t\t\t\t\t\tdata-text=\"w:normal;s:48,120,90,22;l:160,120,95,50;ls:12px,6px,15px,7px;\"\n\t\t\t\t\t\t\t\tdata-rsp_bd=\"off\"\n\t\t\t\t\t\t\t\tdata-frame_0=\"x:-50,-26,-17,-7;\"\n\t\t\t\t\t\t\t\tdata-frame_1=\"st:500;sp:1000;sR:500;\"\n\t\t\t\t\t\t\t\tdata-frame_999=\"o:0;st:w;sR:4500;\"\n\t\t\t\t\t\t\t\tstyle=\"z-index:5;font-family:'Cormorant Garamond';text-transform:uppercase;\"\n\t\t\t\t\t\t\t>m\u00fclaz\u0131ma\u011fao\u011flu \n\t\t\t\t\t\t\t<\/rs-layer><!--\n-->\t\t\t\t\t\t<\/rs-slide>\n\t\t\t\t\t\t<rs-slide style=\"position: absolute;\" data-key=\"rs-18\" data-title=\"Slide\" data-thumb=\"\/\/topalogluyapivegayrimenkul.com\/wp-content\/uploads\/2024\/02\/simsekler-slider-01-50x100.jpg\" data-in=\"o:0;\" data-out=\"a:false;\">\n\t\t\t\t\t\t\t<img decoding=\"async\" src=\"\/\/topalogluyapivegayrimenkul.com\/wp-content\/plugins\/revslider\/public\/assets\/assets\/dummy.png\" alt=\"\" title=\"simsekler-slider-01\" width=\"1920\" height=\"1100\" class=\"rev-slidebg tp-rs-img rs-lazyload\" data-lazyload=\"\/\/topalogluyapivegayrimenkul.com\/wp-content\/uploads\/2024\/02\/simsekler-slider-01.jpg\" data-panzoom=\"d:10000;ss:100;se:112%;\" data-no-retina>\n<!--\n\t\t\t\t\t\t\t--><rs-layer\n\t\t\t\t\t\t\t\tid=\"slider-10-slide-18-layer-10\" \n\t\t\t\t\t\t\t\tdata-type=\"text\"\n\t\t\t\t\t\t\t\tdata-color=\"#f2ca6b\"\n\t\t\t\t\t\t\t\tdata-xy=\"x:c;y:m;yo:20px,48px,56px,77px;\"\n\t\t\t\t\t\t\t\tdata-text=\"w:normal;s:15;l:31,31,31,28;ls:12px,12px,12px,8px;fw:500;a:center;\"\n\t\t\t\t\t\t\t\tdata-dim=\"w:640px,560px,550px,320px;\"\n\t\t\t\t\t\t\t\tdata-rsp_bd=\"off\"\n\t\t\t\t\t\t\t\tdata-frame_0=\"y:50,33,17,7;\"\n\t\t\t\t\t\t\t\tdata-frame_1=\"st:800;sp:1000;sR:800;\"\n\t\t\t\t\t\t\t\tdata-frame_999=\"o:0;st:w;sR:4200;\"\n\t\t\t\t\t\t\t\tstyle=\"z-index:10;font-family:'Raleway';text-transform:uppercase;\"\n\t\t\t\t\t\t\t>PAZARCI MAHALLES\u0130  \n\t\t\t\t\t\t\t<\/rs-layer><!--\n\n\t\t\t\t\t\t\t--><rs-layer\n\t\t\t\t\t\t\t\tid=\"slider-10-slide-18-layer-11\" \n\t\t\t\t\t\t\t\tdata-type=\"text\"\n\t\t\t\t\t\t\t\tdata-xy=\"x:c;y:m;yo:-30px,-45px,-32px,28px;\"\n\t\t\t\t\t\t\t\tdata-text=\"w:normal;s:48,120,90,48;l:160,120,95,50;ls:12px,8px,15px,7px;\"\n\t\t\t\t\t\t\t\tdata-rsp_bd=\"off\"\n\t\t\t\t\t\t\t\tdata-frame_0=\"x:-50,-33,-17,-7;\"\n\t\t\t\t\t\t\t\tdata-frame_1=\"st:500;sp:1000;sR:500;\"\n\t\t\t\t\t\t\t\tdata-frame_999=\"o:0;st:w;sR:4500;\"\n\t\t\t\t\t\t\t\tstyle=\"z-index:5;font-family:'Cormorant Garamond';text-transform:uppercase;\"\n\t\t\t\t\t\t\t>\u015e\u0130M\u015eEKLER \n\t\t\t\t\t\t\t<\/rs-layer><!--\n-->\t\t\t\t\t\t<\/rs-slide>\n\t\t\t\t\t<\/rs-slides>\n\t\t\t\t\t<rs-static-layers><!--\n\n\t\t\t\t\t\t\t--><rs-layer\n\t\t\t\t\t\t\t\tid=\"slider-10-slide-10-layer-7\" \n\t\t\t\t\t\t\t\tclass=\"qodef-rev-scroll-down-button rs-layer-static\"\n\t\t\t\t\t\t\t\tdata-type=\"text\"\n\t\t\t\t\t\t\t\tdata-xy=\"x:c;y:b;yo:116px,125px,116px,116px;\"\n\t\t\t\t\t\t\t\tdata-text=\"w:normal;s:24,16,8,4;l:29,19,10,6;\"\n\t\t\t\t\t\t\t\tdata-dim=\"w:50px;h:50px;\"\n\t\t\t\t\t\t\t\tdata-vbility=\"t,t,t,f\"\n\t\t\t\t\t\t\t\tdata-actions='o:click;a:scrollbelow;sp:1000ms;e:power2.inOut;'\n\t\t\t\t\t\t\t\tdata-basealign=\"slide\"\n\t\t\t\t\t\t\t\tdata-rsp_o=\"off\"\n\t\t\t\t\t\t\t\tdata-rsp_bd=\"off\"\n\t\t\t\t\t\t\t\tdata-btrans=\"rZ:90;\"\n\t\t\t\t\t\t\t\tdata-onslides=\"s:1;\"\n\t\t\t\t\t\t\t\tdata-frame_999=\"o:0;st:w;\"\n\t\t\t\t\t\t\t\tstyle=\"z-index:13;font-family:'Roboto';\"\n\t\t\t\t\t\t\t>\n<a class=\"qodef-shortcode qodef-m  qodef-button qodef-layout--minimal  qodef-html--link\" href=\"#none\" target=\"_self\"  >\n\t<svg xmlns=\"http:\/\/www.w3.org\/2000\/svg\" xmlns:xlink=\"http:\/\/www.w3.org\/1999\/xlink\" version=\"1.1\" x=\"0px\" y=\"0px\" width=\"74px\" height=\"40px\" viewBox=\"0 0 74 40\" enable-background=\"new 0 0 74 40\" xml:space=\"preserve\"><g><circle opacity=\"0.5\" fill=\"none\" stroke=\"#f2ca6b\" cx=\"71%\" cy=\"50%\" r=\"24%\" style=\"\"><\/circle><circle fill=\"none\" stroke=\"#f2ca6b\" cx=\"71%\" cy=\"50%\" r=\"24%\"><\/circle><\/g><polygon fill=\"#f2ca6b\" points=\"49.525,14.265 48.898,15.044 54.481,19.541 6.444,19.541 6.444,20.541 54.464,20.541 48.901,24.954 49.522,25.737 56.7,20.044 \"><\/polygon><\/svg>\n<\/a> \n\t\t\t\t\t\t\t<\/rs-layer><!--\n\t\t\t\t\t--><\/rs-static-layers>\n\t\t\t\t<\/rs-module>\n\t\t\t\t<script>\n\t\t\t\t\tsetREVStartSize({c: 'rev_slider_10_1',rl:[1240,1024,778,480],el:[1100,587,700,500],gw:[1920,1300,700,320],gh:[1100,600,700,500],type:'standard',justify:'',layout:'fullscreen',offsetContainer:'',offset:'',mh:\"0\"});if (window.RS_MODULES!==undefined && window.RS_MODULES.modules!==undefined && window.RS_MODULES.modules[\"revslider101\"]!==undefined) {window.RS_MODULES.modules[\"revslider101\"].once = false;window.revapi10 = undefined;if (window.RS_MODULES.checkMinimal!==undefined) window.RS_MODULES.checkMinimal()}\n\t\t\t\t<\/script>\n\t\t\t<\/rs-module-wrap>\n\t\t\t<!-- END REVOLUTION SLIDER -->\n<\/div>\n\n\t\t\t\t<\/div>\n\t\t\t\t<\/div>\n\t\t\t\t\t<\/div>\n\t\t<\/div>\n\t\t\t\t\t<\/div>\n\t\t<\/section>\n\t\t\t\t<section class=\"elementor-section elementor-top-section elementor-element elementor-element-6c53bab elementor-section-full_width qodef-elementor-content-grid elementor-section-height-default elementor-section-height-default\" data-id=\"6c53bab\" data-element_type=\"section\" id=\"first-section\">\n\t\t\t\t\t\t<div class=\"elementor-container elementor-column-gap-no\">\n\t\t\t\t\t<div class=\"elementor-column elementor-col-50 elementor-top-column elementor-element elementor-element-d822655\" data-id=\"d822655\" data-element_type=\"column\">\n\t\t\t<div class=\"elementor-widget-wrap elementor-element-populated\">\n\t\t\t\t\t\t<div class=\"elementor-element elementor-element-af56943 elementor-widget elementor-widget-hendon_core_section_title\" data-id=\"af56943\" data-element_type=\"widget\" data-widget_type=\"hendon_core_section_title.default\">\n\t\t\t\t<div class=\"elementor-widget-container\">\n\t\t\t<div class=\"qodef-shortcode qodef-m  qodef-section-title qodef-alignment--left qodef-title-break--disabled\">\n\t\t<h3 class=\"qodef-m-title\" >\n\t\t\t\t\tMODERN<br \/> MEKANLAR VE<br \/> SE\u00c7K\u0130N DA\u0130RELER<br \/>\t\t\t<\/h3>\n\t\t<p class=\"qodef-m-text\" style=\"margin-top: 28px;color: #B5802B\">TOPALO\u011eLU YAPI &amp; GAYR\u0130MENKUL&#039;E HO\u015eGELD\u0130N\u0130Z<\/p>\n<\/div>\t\t<\/div>\n\t\t\t\t<\/div>\n\t\t\t\t<div class=\"elementor-element elementor-element-7ae3059 elementor-widget elementor-widget-hendon_core_button\" data-id=\"7ae3059\" data-element_type=\"widget\" data-widget_type=\"hendon_core_button.default\">\n\t\t\t\t<div class=\"elementor-widget-container\">\n\t\t\t\n<a class=\"qodef-shortcode qodef-m  qodef-button qodef-layout--minimal  qodef-html--link\" href=\"#\" target=\"_self\"  style=\"padding: \">\n\t<svg xmlns=\"http:\/\/www.w3.org\/2000\/svg\" xmlns:xlink=\"http:\/\/www.w3.org\/1999\/xlink\" version=\"1.1\" x=\"0px\" y=\"0px\" width=\"74px\" height=\"40px\" viewBox=\"0 0 74 40\" enable-background=\"new 0 0 74 40\" xml:space=\"preserve\"><g><circle opacity=\"0.5\" fill=\"none\" stroke=\"#B5802B\" cx=\"71%\" cy=\"50%\" r=\"24%\" style=\"\"><\/circle><circle fill=\"none\" stroke=\"#B5802B\" cx=\"71%\" cy=\"50%\" r=\"24%\"><\/circle><\/g><polygon fill=\"#B5802B\" points=\"49.525,14.265 48.898,15.044 54.481,19.541 6.444,19.541 6.444,20.541 54.464,20.541 48.901,24.954 49.522,25.737 56.7,20.044 \"><\/polygon><\/svg>\n<\/a>\t\t<\/div>\n\t\t\t\t<\/div>\n\t\t\t\t\t<\/div>\n\t\t<\/div>\n\t\t\t\t<div class=\"elementor-column elementor-col-50 elementor-top-column elementor-element elementor-element-844f5fc\" data-id=\"844f5fc\" data-element_type=\"column\">\n\t\t\t<div class=\"elementor-widget-wrap elementor-element-populated\">\n\t\t\t\t\t\t<div class=\"elementor-element elementor-element-2c41a7a elementor-widget elementor-widget-hendon_core_stacked_images\" data-id=\"2c41a7a\" data-element_type=\"widget\" data-widget_type=\"hendon_core_stacked_images.default\">\n\t\t\t\t<div class=\"elementor-widget-container\">\n\t\t\t<div class=\"qodef-shortcode qodef-m  qodef-stacked-images qodef-layout--default qodef-image-outline qodef-image-outline-left   qodef-stacked-image-right\">\n\t<div class=\"qodef-m-images\" >\n\t\t\t\t\t<img loading=\"lazy\" decoding=\"async\" width=\"530\" height=\"620\" src=\"https:\/\/topalogluyapivegayrimenkul.com\/wp-content\/uploads\/2024\/02\/ic-mekan-1.jpg\" class=\"qodef-e-image qodef--main\" alt=\"\" srcset=\"https:\/\/topalogluyapivegayrimenkul.com\/wp-content\/uploads\/2024\/02\/ic-mekan-1.jpg 530w, https:\/\/topalogluyapivegayrimenkul.com\/wp-content\/uploads\/2024\/02\/ic-mekan-1-256x300.jpg 256w\" sizes=\"(max-width: 530px) 100vw, 530px\" \/>\t\t\t\t\n\t\t\t\t\t<div class=\"qodef-stack-image-holder\" style=\"top: 23%;left: 40%\">\n\t\t\t\t<div class=\"qodef-stack-image-holder-inner\">\n\t\t\t\t\t<div class=\"qodef-stack-image-img-holder\">\n\t\t\t\t\t<img loading=\"lazy\" decoding=\"async\" width=\"433\" height=\"536\" src=\"https:\/\/topalogluyapivegayrimenkul.com\/wp-content\/uploads\/2024\/02\/mutfak-1.jpg\" class=\"qodef-e-image qodef--stack\" alt=\"\" srcset=\"https:\/\/topalogluyapivegayrimenkul.com\/wp-content\/uploads\/2024\/02\/mutfak-1.jpg 433w, https:\/\/topalogluyapivegayrimenkul.com\/wp-content\/uploads\/2024\/02\/mutfak-1-242x300.jpg 242w\" sizes=\"(max-width: 433px) 100vw, 433px\" \/>\t\t\t\t\t<\/div>\n\t\t\t\t<\/div>\n\t\t\t<\/div>\n\t\t\n        \t<\/div>\n<\/div>\t\t<\/div>\n\t\t\t\t<\/div>\n\t\t\t\t\t<\/div>\n\t\t<\/div>\n\t\t\t\t\t<\/div>\n\t\t<\/section>\n\t\t\t\t<section class=\"elementor-section elementor-top-section elementor-element elementor-element-6386d90 elementor-section-full_width qodef-elementor-content-grid elementor-section-height-default elementor-section-height-default\" data-id=\"6386d90\" data-element_type=\"section\" data-settings=\"{&quot;background_background&quot;:&quot;classic&quot;}\">\n\t\t\t\t\t\t<div class=\"elementor-container elementor-column-gap-no\">\n\t\t\t\t\t<div class=\"elementor-column elementor-col-100 elementor-top-column elementor-element elementor-element-aca1313\" data-id=\"aca1313\" data-element_type=\"column\">\n\t\t\t<div class=\"elementor-widget-wrap elementor-element-populated\">\n\t\t\t\t\t\t<div class=\"elementor-element elementor-element-aedf89f elementor-widget elementor-widget-image\" data-id=\"aedf89f\" data-element_type=\"widget\" data-widget_type=\"image.default\">\n\t\t\t\t<div class=\"elementor-widget-container\">\n\t\t\t<style>\/*! elementor - v3.22.0 - 26-06-2024 *\/\n.elementor-widget-image{text-align:center}.elementor-widget-image a{display:inline-block}.elementor-widget-image a img[src$=\".svg\"]{width:48px}.elementor-widget-image img{vertical-align:middle;display:inline-block}<\/style>\t\t\t\t\t\t\t\t\t\t<img loading=\"lazy\" decoding=\"async\" width=\"1020\" height=\"1249\" src=\"https:\/\/topalogluyapivegayrimenkul.com\/wp-content\/uploads\/2024\/01\/topaloglu-logo-01-1.svg\" class=\"attachment-full size-full wp-image-3018\" alt=\"\" \/>\t\t\t\t\t\t\t\t\t\t\t\t\t<\/div>\n\t\t\t\t<\/div>\n\t\t\t\t\t<\/div>\n\t\t<\/div>\n\t\t\t\t\t<\/div>\n\t\t<\/section>\n\t\t\t\t<section class=\"elementor-section elementor-top-section elementor-element elementor-element-6d19486 elementor-section-full_width qodef-elementor-content-grid elementor-section-height-default elementor-section-height-default\" data-id=\"6d19486\" data-element_type=\"section\">\n\t\t\t\t\t\t<div class=\"elementor-container elementor-column-gap-no\">\n\t\t\t\t\t<div class=\"elementor-column elementor-col-100 elementor-top-column elementor-element elementor-element-f788504\" data-id=\"f788504\" data-element_type=\"column\">\n\t\t\t<div class=\"elementor-widget-wrap elementor-element-populated\">\n\t\t\t\t\t\t<div class=\"elementor-element elementor-element-4a4387a elementor-widget elementor-widget-hendon_core_section_title\" data-id=\"4a4387a\" data-element_type=\"widget\" data-widget_type=\"hendon_core_section_title.default\">\n\t\t\t\t<div class=\"elementor-widget-container\">\n\t\t\t<div class=\"qodef-shortcode qodef-m  qodef-section-title qodef-alignment--center \">\n\t\t<h3 class=\"qodef-m-title\" >\n\t\t\t\t\tPROJELER\u0130M\u0130Z\t\t\t<\/h3>\n\t\t<p class=\"qodef-m-text\" style=\"color: #B5802B\">TOPALO\u011eLU YAPI VE GAYR\u0130MENKUL<\/p>\n<\/div>\t\t<\/div>\n\t\t\t\t<\/div>\n\t\t\t\t<div class=\"elementor-element elementor-element-b6958b9 elementor-widget elementor-widget-hendon_core_apartment_list\" data-id=\"b6958b9\" data-element_type=\"widget\" data-widget_type=\"hendon_core_apartment_list.default\">\n\t\t\t\t<div class=\"elementor-widget-container\">\n\t\t\t<div class=\"qodef-shortcode qodef-m  qodef-apartment-list qodef-item-layout--info-below-with-feature-titles qodef-grid qodef-layout--columns  qodef-gutter--normal qodef-col-num--3 qodef-item-layout--info-below-with-feature-titles qodef--no-bottom-space qodef-pagination--off qodef-responsive--custom qodef-col-num--1440--3 qodef-col-num--1366--3 qodef-col-num--1024--2 qodef-col-num--768--2 qodef-col-num--680--1 qodef-col-num--480--1\" data-options=\"{&quot;plugin&quot;:&quot;hendon_core&quot;,&quot;module&quot;:&quot;plugins\\\/property\\\/post-types\\\/apartment\\\/shortcodes&quot;,&quot;shortcode&quot;:&quot;apartment-list&quot;,&quot;post_type&quot;:&quot;apartment-item&quot;,&quot;next_page&quot;:&quot;2&quot;,&quot;max_pages_num&quot;:0,&quot;layout&quot;:&quot;info-below-with-feature-titles&quot;,&quot;title_tag&quot;:&quot;h5&quot;,&quot;excerpt_color&quot;:&quot;#B5802B&quot;,&quot;behavior&quot;:&quot;columns&quot;,&quot;images_proportion&quot;:&quot;full&quot;,&quot;columns&quot;:&quot;3&quot;,&quot;columns_responsive&quot;:&quot;custom&quot;,&quot;columns_1440&quot;:&quot;3&quot;,&quot;columns_1366&quot;:&quot;3&quot;,&quot;columns_1024&quot;:&quot;2&quot;,&quot;columns_768&quot;:&quot;2&quot;,&quot;columns_680&quot;:&quot;1&quot;,&quot;columns_480&quot;:&quot;1&quot;,&quot;space&quot;:&quot;normal&quot;,&quot;posts_per_page&quot;:&quot;-1&quot;,&quot;orderby&quot;:&quot;date&quot;,&quot;order&quot;:&quot;ASC&quot;,&quot;additional_params&quot;:&quot;tax&quot;,&quot;tax&quot;:&quot;apartment-category&quot;,&quot;tax_slug&quot;:&quot;residence&quot;,&quot;pagination_type&quot;:&quot;no-pagination&quot;,&quot;object_class_name&quot;:&quot;HendonCoreApartmentListShortcode&quot;,&quot;additional_query_args&quot;:{&quot;tax_query&quot;:[{&quot;taxonomy&quot;:&quot;apartment-category&quot;,&quot;field&quot;:&quot;slug&quot;,&quot;terms&quot;:&quot;residence&quot;}]},&quot;query_array&quot;:{&quot;post_status&quot;:&quot;publish&quot;,&quot;post_type&quot;:&quot;apartment-item&quot;,&quot;posts_per_page&quot;:&quot;-1&quot;,&quot;orderby&quot;:&quot;date&quot;,&quot;order&quot;:&quot;ASC&quot;,&quot;ignore_sticky_posts&quot;:1,&quot;paged&quot;:1,&quot;tax_query&quot;:[{&quot;taxonomy&quot;:&quot;apartment-category&quot;,&quot;field&quot;:&quot;slug&quot;,&quot;terms&quot;:&quot;residence&quot;}]},&quot;item_classes&quot;:&quot;qodef-e qodef-grid-item&quot;,&quot;posts_count&quot;:2,&quot;space_value&quot;:15}\">\n    <div class=\"qodef-grid-inner clear\">\n        <article class=\"qodef-e qodef-grid-item qodef-item--full post-4787 apartment-item type-apartment-item status-publish has-post-thumbnail hentry apartment-category-residence\">\n    <div class=\"qodef-e-inner\">\n        <div class=\"qodef-e-image\">\n            \t<div class=\"qodef-e-media-image\">\n\t\t<a itemprop=\"url\" href=\"https:\/\/topalogluyapivegayrimenkul.com\/en\/apartment-item\/elite-life\/\">\n\t\t\t<img loading=\"lazy\" decoding=\"async\" width=\"800\" height=\"610\" src=\"https:\/\/topalogluyapivegayrimenkul.com\/wp-content\/uploads\/2020\/05\/elit-life-00.jpg\" class=\"attachment-full size-full wp-post-image\" alt=\"\" srcset=\"https:\/\/topalogluyapivegayrimenkul.com\/wp-content\/uploads\/2020\/05\/elit-life-00.jpg 800w, https:\/\/topalogluyapivegayrimenkul.com\/wp-content\/uploads\/2020\/05\/elit-life-00-300x229.jpg 300w, https:\/\/topalogluyapivegayrimenkul.com\/wp-content\/uploads\/2020\/05\/elit-life-00-768x586.jpg 768w\" sizes=\"(max-width: 800px) 100vw, 800px\" \/>\t\t<\/a>\n\t<\/div>\n        <\/div>\n        <div class=\"qodef-e-content\">\n            <div class=\"qodef-e-content-inner\">\n            <h5 itemprop=\"name\" class=\"qodef-e-title entry-title\" >\n\t<a itemprop=\"url\" class=\"qodef-e-title-link\" href=\"https:\/\/topalogluyapivegayrimenkul.com\/en\/apartment-item\/elite-life\/\">\n\t\tELITE LIFE\t<\/a>\n<\/h5>                <div class=\"qodef-e-al-feature-titles-holder\">\n            <h6 class=\"qodef-e-al-feature-title\">\n            PAZARCI MAHALLES\u0130        <\/h6>\n        <\/div>\n            <\/div>\n        <\/div>\n    <\/div>\n<\/article><article class=\"qodef-e qodef-grid-item qodef-item--full post-4791 apartment-item type-apartment-item status-publish has-post-thumbnail hentry apartment-category-residence\">\n    <div class=\"qodef-e-inner\">\n        <div class=\"qodef-e-image\">\n            \t<div class=\"qodef-e-media-image\">\n\t\t<a itemprop=\"url\" href=\"https:\/\/topalogluyapivegayrimenkul.com\/en\/apartment-item\/riverside\/\">\n\t\t\t<img loading=\"lazy\" decoding=\"async\" width=\"800\" height=\"610\" src=\"https:\/\/topalogluyapivegayrimenkul.com\/wp-content\/uploads\/2020\/05\/riverside-00.jpg\" class=\"attachment-full size-full wp-post-image\" alt=\"\" srcset=\"https:\/\/topalogluyapivegayrimenkul.com\/wp-content\/uploads\/2020\/05\/riverside-00.jpg 800w, https:\/\/topalogluyapivegayrimenkul.com\/wp-content\/uploads\/2020\/05\/riverside-00-300x229.jpg 300w, https:\/\/topalogluyapivegayrimenkul.com\/wp-content\/uploads\/2020\/05\/riverside-00-768x586.jpg 768w\" sizes=\"(max-width: 800px) 100vw, 800px\" \/>\t\t<\/a>\n\t<\/div>\n        <\/div>\n        <div class=\"qodef-e-content\">\n            <div class=\"qodef-e-content-inner\">\n            <h5 itemprop=\"name\" class=\"qodef-e-title entry-title\" >\n\t<a itemprop=\"url\" class=\"qodef-e-title-link\" href=\"https:\/\/topalogluyapivegayrimenkul.com\/en\/apartment-item\/riverside\/\">\n\t\tRIVERSIDE\t<\/a>\n<\/h5>                <div class=\"qodef-e-al-feature-titles-holder\">\n            <h6 class=\"qodef-e-al-feature-title\">\n            PAZARCI MAHALLES\u0130        <\/h6>\n        <\/div>\n            <\/div>\n        <\/div>\n    <\/div>\n<\/article>    <\/div>\n    <\/div>\t\t<\/div>\n\t\t\t\t<\/div>\n\t\t\t\t\t<\/div>\n\t\t<\/div>\n\t\t\t\t\t<\/div>\n\t\t<\/section>\n\t\t\t\t<\/div>\n\t\t","protected":false},"excerpt":{"rendered":"<p>MODERN MEKANLAR VE SE\u00c7K\u0130N DA\u0130RELER TOPALO\u011eLU YAPI &amp; GAYR\u0130MENKUL&#8217;E HO\u015eGELD\u0130N\u0130Z PROJELER\u0130M\u0130Z TOPALO\u011eLU YAPI VE GAYR\u0130MENKUL ELITE LIFE PAZARCI MAHALLES\u0130 RIVERSIDE PAZARCI MAHALLES\u0130<\/p>\n","protected":false},"author":1,"featured_media":0,"parent":0,"menu_order":0,"comment_status":"closed","ping_status":"closed","template":"page-full-width.php","meta":{"footnotes":""},"class_list":["post-5017","page","type-page","status-publish","hentry"],"_links":{"self":[{"href":"https:\/\/topalogluyapivegayrimenkul.com\/en\/wp-json\/wp\/v2\/pages\/5017","targetHints":{"allow":["GET"]}}],"collection":[{"href":"https:\/\/topalogluyapivegayrimenkul.com\/en\/wp-json\/wp\/v2\/pages"}],"about":[{"href":"https:\/\/topalogluyapivegayrimenkul.com\/en\/wp-json\/wp\/v2\/types\/page"}],"author":[{"embeddable":true,"href":"https:\/\/topalogluyapivegayrimenkul.com\/en\/wp-json\/wp\/v2\/users\/1"}],"replies":[{"embeddable":true,"href":"https:\/\/topalogluyapivegayrimenkul.com\/en\/wp-json\/wp\/v2\/comments?post=5017"}],"version-history":[{"count":8,"href":"https:\/\/topalogluyapivegayrimenkul.com\/en\/wp-json\/wp\/v2\/pages\/5017\/revisions"}],"predecessor-version":[{"id":5030,"href":"https:\/\/topalogluyapivegayrimenkul.com\/en\/wp-json\/wp\/v2\/pages\/5017\/revisions\/5030"}],"wp:attachment":[{"href":"https:\/\/topalogluyapivegayrimenkul.com\/en\/wp-json\/wp\/v2\/media?parent=5017"}],"curies":[{"name":"wp","href":"https:\/\/api.w.org\/{rel}","templated":true}]}}