{"id":4801,"date":"2024-03-06T07:51:07","date_gmt":"2024-03-06T07:51:07","guid":{"rendered":"https:\/\/topalogluyapivegayrimenkul.com\/gazipasa\/"},"modified":"2024-03-06T08:47:16","modified_gmt":"2024-03-06T08:47:16","slug":"gazipasa","status":"publish","type":"page","link":"https:\/\/topalogluyapivegayrimenkul.com\/en\/gazipasa\/","title":{"rendered":"GAZ\u0130PA\u015eA"},"content":{"rendered":"\t\t<div data-elementor-type=\"wp-page\" data-elementor-id=\"4801\" class=\"elementor elementor-4801 elementor-4799\">\n\t\t\t\t\t\t<section class=\"elementor-section elementor-top-section elementor-element elementor-element-6386d90 elementor-section-full_width qodef-elementor-content-grid elementor-section-height-default elementor-section-height-default\" data-id=\"6386d90\" data-element_type=\"section\" data-settings=\"{&quot;background_background&quot;:&quot;classic&quot;}\">\n\t\t\t\t\t\t<div class=\"elementor-container elementor-column-gap-no\">\n\t\t\t\t\t<div class=\"elementor-column elementor-col-50 elementor-top-column elementor-element elementor-element-c811f59\" data-id=\"c811f59\" data-element_type=\"column\">\n\t\t\t<div class=\"elementor-widget-wrap elementor-element-populated\">\n\t\t\t\t\t\t<div class=\"elementor-element elementor-element-c47f418 elementor-widget elementor-widget-image\" data-id=\"c47f418\" data-element_type=\"widget\" data-widget_type=\"image.default\">\n\t\t\t\t<div class=\"elementor-widget-container\">\n\t\t\t<style>\/*! elementor - v3.22.0 - 26-06-2024 *\/\n.elementor-widget-image{text-align:center}.elementor-widget-image a{display:inline-block}.elementor-widget-image a img[src$=\".svg\"]{width:48px}.elementor-widget-image img{vertical-align:middle;display:inline-block}<\/style>\t\t\t\t\t\t\t\t\t\t<img fetchpriority=\"high\" decoding=\"async\" width=\"1440\" height=\"900\" src=\"https:\/\/topalogluyapivegayrimenkul.com\/wp-content\/uploads\/2024\/03\/gazipasa-foto-01-1.jpg\" class=\"attachment-full size-full wp-image-4816\" alt=\"\" srcset=\"https:\/\/topalogluyapivegayrimenkul.com\/wp-content\/uploads\/2024\/03\/gazipasa-foto-01-1.jpg 1440w, https:\/\/topalogluyapivegayrimenkul.com\/wp-content\/uploads\/2024\/03\/gazipasa-foto-01-1-300x188.jpg 300w, https:\/\/topalogluyapivegayrimenkul.com\/wp-content\/uploads\/2024\/03\/gazipasa-foto-01-1-1024x640.jpg 1024w, https:\/\/topalogluyapivegayrimenkul.com\/wp-content\/uploads\/2024\/03\/gazipasa-foto-01-1-768x480.jpg 768w\" sizes=\"(max-width: 1440px) 100vw, 1440px\" \/>\t\t\t\t\t\t\t\t\t\t\t\t\t<\/div>\n\t\t\t\t<\/div>\n\t\t\t\t\t<\/div>\n\t\t<\/div>\n\t\t\t\t<div class=\"elementor-column elementor-col-50 elementor-top-column elementor-element elementor-element-fae564c\" data-id=\"fae564c\" data-element_type=\"column\">\n\t\t\t<div class=\"elementor-widget-wrap elementor-element-populated\">\n\t\t\t\t\t\t<div class=\"elementor-element elementor-element-36c34e2 elementor-widget elementor-widget-heading\" data-id=\"36c34e2\" data-element_type=\"widget\" data-widget_type=\"heading.default\">\n\t\t\t\t<div class=\"elementor-widget-container\">\n\t\t\t<style>\/*! elementor - v3.22.0 - 26-06-2024 *\/\n.elementor-heading-title{padding:0;margin:0;line-height:1}.elementor-widget-heading .elementor-heading-title[class*=elementor-size-]>a{color:inherit;font-size:inherit;line-height:inherit}.elementor-widget-heading .elementor-heading-title.elementor-size-small{font-size:15px}.elementor-widget-heading .elementor-heading-title.elementor-size-medium{font-size:19px}.elementor-widget-heading .elementor-heading-title.elementor-size-large{font-size:29px}.elementor-widget-heading .elementor-heading-title.elementor-size-xl{font-size:39px}.elementor-widget-heading .elementor-heading-title.elementor-size-xxl{font-size:59px}<\/style><h2 class=\"elementor-heading-title elementor-size-default\">GAZ\u0130PA\u015eA<\/h2>\t\t<\/div>\n\t\t\t\t<\/div>\n\t\t\t\t<div class=\"elementor-element elementor-element-1ac26c8 elementor-widget elementor-widget-heading\" data-id=\"1ac26c8\" data-element_type=\"widget\" data-widget_type=\"heading.default\">\n\t\t\t\t<div class=\"elementor-widget-container\">\n\t\t\t<h3 class=\"elementor-heading-title elementor-size-default\">Akdeniz'in \u0130ncisi<\/h3>\t\t<\/div>\n\t\t\t\t<\/div>\n\t\t\t\t<div class=\"elementor-element elementor-element-19efd16 elementor-widget elementor-widget-text-editor\" data-id=\"19efd16\" data-element_type=\"widget\" data-widget_type=\"text-editor.default\">\n\t\t\t\t<div class=\"elementor-widget-container\">\n\t\t\t<style>\/*! elementor - v3.22.0 - 26-06-2024 *\/\n.elementor-widget-text-editor.elementor-drop-cap-view-stacked .elementor-drop-cap{background-color:#69727d;color:#fff}.elementor-widget-text-editor.elementor-drop-cap-view-framed .elementor-drop-cap{color:#69727d;border:3px solid;background-color:transparent}.elementor-widget-text-editor:not(.elementor-drop-cap-view-default) .elementor-drop-cap{margin-top:8px}.elementor-widget-text-editor:not(.elementor-drop-cap-view-default) .elementor-drop-cap-letter{width:1em;height:1em}.elementor-widget-text-editor .elementor-drop-cap{float:left;text-align:center;line-height:1;font-size:50px}.elementor-widget-text-editor .elementor-drop-cap-letter{display:inline-block}<\/style>\t\t\t\t<p>Gazipa\u015fa, Akdeniz&#8217;in s\u0131cak sular\u0131yla kucakla\u015fan, do\u011fal g\u00fczellikleri ve tarihi zenginlikleriyle donat\u0131lm\u0131\u015f bir cennet k\u00f6\u015fesidir. Alanya&#8217;n\u0131n hemen yan\u0131nda bulunan bu benzersiz b\u00f6lge, hem turistlerin g\u00f6zdesi hem de yat\u0131r\u0131mc\u0131lar\u0131n dikkatini \u00e7eken bir merkez haline gelmi\u015ftir. Topalo\u011flu Yap\u0131 ve Gayrimenkul gibi k\u00f6kl\u00fc bir \u015firketin de Gazipa\u015fa&#8217;daki etkinli\u011fi, b\u00f6lgenin emlak potansiyelini ve yat\u0131r\u0131m f\u0131rsatlar\u0131n\u0131 daha da \u00f6n plana \u00e7\u0131karmaktad\u0131r.<\/p>\t\t\t\t\t\t<\/div>\n\t\t\t\t<\/div>\n\t\t\t\t\t<\/div>\n\t\t<\/div>\n\t\t\t\t\t<\/div>\n\t\t<\/section>\n\t\t\t\t<section class=\"elementor-section elementor-top-section elementor-element elementor-element-87e8f51 elementor-section-full_width qodef-elementor-content-grid elementor-section-height-default elementor-section-height-default\" data-id=\"87e8f51\" data-element_type=\"section\" data-settings=\"{&quot;background_background&quot;:&quot;classic&quot;}\">\n\t\t\t\t\t\t<div class=\"elementor-container elementor-column-gap-no\">\n\t\t\t\t\t<div class=\"elementor-column elementor-col-50 elementor-top-column elementor-element elementor-element-35df911\" data-id=\"35df911\" data-element_type=\"column\">\n\t\t\t<div class=\"elementor-widget-wrap elementor-element-populated\">\n\t\t\t\t\t\t<div class=\"elementor-element elementor-element-935b2fb elementor-widget elementor-widget-heading\" data-id=\"935b2fb\" data-element_type=\"widget\" data-widget_type=\"heading.default\">\n\t\t\t\t<div class=\"elementor-widget-container\">\n\t\t\t<h3 class=\"elementor-heading-title elementor-size-default\">GAZ\u0130PA\u015eA'NIN TUR\u0130ST\u0130K\nCAZ\u0130BES\u0130<\/h3>\t\t<\/div>\n\t\t\t\t<\/div>\n\t\t\t\t<div class=\"elementor-element elementor-element-d4d0861 elementor-widget elementor-widget-text-editor\" data-id=\"d4d0861\" data-element_type=\"widget\" data-widget_type=\"text-editor.default\">\n\t\t\t\t<div class=\"elementor-widget-container\">\n\t\t\t\t\t\t\t<p>Gazipa\u015fa, muhte\u015fem plajlar\u0131, temiz denizi ve tarihi dokusuyla her y\u0131l binlerce turisti kendine \u00e7ekmektedir. Alanya&#8217;dan daha sakin ve do\u011fal bir atmosfere sahip olan Gazipa\u015fa, tatilciler i\u00e7in ideal bir ka\u00e7\u0131\u015f noktas\u0131d\u0131r. Burada, Akdeniz&#8217;in mavisiyle ye\u015filin bulu\u015ftu\u011fu muhte\u015fem manzaralar\u0131 seyredebilir, do\u011fal ya\u015fam alanlar\u0131nda y\u00fcr\u00fcy\u00fc\u015f yapabilir veya tarihi kal\u0131nt\u0131lar\u0131 ke\u015ffedebilirsiniz.<\/p>\t\t\t\t\t\t<\/div>\n\t\t\t\t<\/div>\n\t\t\t\t\t<\/div>\n\t\t<\/div>\n\t\t\t\t<div class=\"elementor-column elementor-col-50 elementor-top-column elementor-element elementor-element-6409fde\" data-id=\"6409fde\" data-element_type=\"column\">\n\t\t\t<div class=\"elementor-widget-wrap elementor-element-populated\">\n\t\t\t\t\t\t<div class=\"elementor-element elementor-element-d8685c7 elementor-widget elementor-widget-image\" data-id=\"d8685c7\" data-element_type=\"widget\" data-widget_type=\"image.default\">\n\t\t\t\t<div class=\"elementor-widget-container\">\n\t\t\t\t\t\t\t\t\t\t\t\t\t<img decoding=\"async\" width=\"1440\" height=\"900\" src=\"https:\/\/topalogluyapivegayrimenkul.com\/wp-content\/uploads\/2024\/03\/gazipasa-foto-02.jpg\" class=\"attachment-full size-full wp-image-4813\" alt=\"\" srcset=\"https:\/\/topalogluyapivegayrimenkul.com\/wp-content\/uploads\/2024\/03\/gazipasa-foto-02.jpg 1440w, https:\/\/topalogluyapivegayrimenkul.com\/wp-content\/uploads\/2024\/03\/gazipasa-foto-02-300x188.jpg 300w, https:\/\/topalogluyapivegayrimenkul.com\/wp-content\/uploads\/2024\/03\/gazipasa-foto-02-1024x640.jpg 1024w, https:\/\/topalogluyapivegayrimenkul.com\/wp-content\/uploads\/2024\/03\/gazipasa-foto-02-768x480.jpg 768w\" sizes=\"(max-width: 1440px) 100vw, 1440px\" \/>\t\t\t\t\t\t\t\t\t\t\t\t\t<\/div>\n\t\t\t\t<\/div>\n\t\t\t\t\t<\/div>\n\t\t<\/div>\n\t\t\t\t\t<\/div>\n\t\t<\/section>\n\t\t\t\t<section class=\"elementor-section elementor-top-section elementor-element elementor-element-1c7f454 elementor-section-full_width qodef-elementor-content-grid elementor-section-height-default elementor-section-height-default\" data-id=\"1c7f454\" data-element_type=\"section\" data-settings=\"{&quot;background_background&quot;:&quot;classic&quot;}\">\n\t\t\t\t\t\t<div class=\"elementor-container elementor-column-gap-no\">\n\t\t\t\t\t<div class=\"elementor-column elementor-col-50 elementor-top-column elementor-element elementor-element-26825c3\" data-id=\"26825c3\" data-element_type=\"column\">\n\t\t\t<div class=\"elementor-widget-wrap elementor-element-populated\">\n\t\t\t\t\t\t<div class=\"elementor-element elementor-element-3fe6ae0 elementor-widget elementor-widget-image\" data-id=\"3fe6ae0\" data-element_type=\"widget\" data-widget_type=\"image.default\">\n\t\t\t\t<div class=\"elementor-widget-container\">\n\t\t\t\t\t\t\t\t\t\t\t\t\t<img decoding=\"async\" width=\"1440\" height=\"900\" src=\"https:\/\/topalogluyapivegayrimenkul.com\/wp-content\/uploads\/2020\/05\/elite-life-gallery-03.jpg\" class=\"attachment-full size-full wp-image-3098\" alt=\"\" srcset=\"https:\/\/topalogluyapivegayrimenkul.com\/wp-content\/uploads\/2020\/05\/elite-life-gallery-03.jpg 1440w, https:\/\/topalogluyapivegayrimenkul.com\/wp-content\/uploads\/2020\/05\/elite-life-gallery-03-300x188.jpg 300w, https:\/\/topalogluyapivegayrimenkul.com\/wp-content\/uploads\/2020\/05\/elite-life-gallery-03-1024x640.jpg 1024w, https:\/\/topalogluyapivegayrimenkul.com\/wp-content\/uploads\/2020\/05\/elite-life-gallery-03-768x480.jpg 768w\" sizes=\"(max-width: 1440px) 100vw, 1440px\" \/>\t\t\t\t\t\t\t\t\t\t\t\t\t<\/div>\n\t\t\t\t<\/div>\n\t\t\t\t\t<\/div>\n\t\t<\/div>\n\t\t\t\t<div class=\"elementor-column elementor-col-50 elementor-top-column elementor-element elementor-element-16778e1\" data-id=\"16778e1\" data-element_type=\"column\">\n\t\t\t<div class=\"elementor-widget-wrap elementor-element-populated\">\n\t\t\t\t\t\t<div class=\"elementor-element elementor-element-ce72e9c elementor-widget elementor-widget-heading\" data-id=\"ce72e9c\" data-element_type=\"widget\" data-widget_type=\"heading.default\">\n\t\t\t\t<div class=\"elementor-widget-container\">\n\t\t\t<h2 class=\"elementor-heading-title elementor-size-default\">GAZ\u0130PA\u015eA<\/h2>\t\t<\/div>\n\t\t\t\t<\/div>\n\t\t\t\t<div class=\"elementor-element elementor-element-6c78c36 elementor-widget elementor-widget-heading\" data-id=\"6c78c36\" data-element_type=\"widget\" data-widget_type=\"heading.default\">\n\t\t\t\t<div class=\"elementor-widget-container\">\n\t\t\t<h3 class=\"elementor-heading-title elementor-size-default\">EMLAK POTANS\u0130YEL\u0130<\/h3>\t\t<\/div>\n\t\t\t\t<\/div>\n\t\t\t\t<div class=\"elementor-element elementor-element-a49bd80 elementor-widget elementor-widget-text-editor\" data-id=\"a49bd80\" data-element_type=\"widget\" data-widget_type=\"text-editor.default\">\n\t\t\t\t<div class=\"elementor-widget-container\">\n\t\t\t\t\t\t\t<p>Gazipa\u015fa, son y\u0131llarda emlak piyasas\u0131nda da b\u00fcy\u00fck ilgi g\u00f6rmektedir. \u00d6zellikle yabanc\u0131 yat\u0131r\u0131mc\u0131lar i\u00e7in cazip f\u0131rsatlar sunan b\u00f6lge, h\u0131zla geli\u015fen bir gayrimenkul sekt\u00f6r\u00fcne sahiptir. Sahip oldu\u011fu do\u011fal g\u00fczellikler ve turistik \u00e7ekicilikleriyle birlikte, Gazipa\u015fa&#8217;da gayrimenkul yat\u0131r\u0131m\u0131 yapmak, gelece\u011fe y\u00f6nelik bir karar olabilir. Topalo\u011flu Yap\u0131 ve Gayrimenkul gibi g\u00fcvenilir bir firmayla \u00e7al\u0131\u015farak, b\u00f6lgedeki en iyi emlak f\u0131rsatlar\u0131n\u0131 de\u011ferlendirebilir ve yat\u0131r\u0131m\u0131n\u0131z\u0131 en verimli \u015fekilde yapabilirsiniz.<\/p>\t\t\t\t\t\t<\/div>\n\t\t\t\t<\/div>\n\t\t\t\t\t<\/div>\n\t\t<\/div>\n\t\t\t\t\t<\/div>\n\t\t<\/section>\n\t\t\t\t<\/div>\n\t\t","protected":false},"excerpt":{"rendered":"<p>GAZ\u0130PA\u015eA Akdeniz&#8217;in \u0130ncisi Gazipa\u015fa, Akdeniz&#8217;in s\u0131cak sular\u0131yla kucakla\u015fan, do\u011fal g\u00fczellikleri ve tarihi zenginlikleriyle donat\u0131lm\u0131\u015f bir cennet k\u00f6\u015fesidir. Alanya&#8217;n\u0131n hemen yan\u0131nda bulunan bu benzersiz b\u00f6lge, hem turistlerin g\u00f6zdesi hem de yat\u0131r\u0131mc\u0131lar\u0131n dikkatini \u00e7eken bir merkez haline gelmi\u015ftir. Topalo\u011flu Yap\u0131 ve Gayrimenkul gibi k\u00f6kl\u00fc bir \u015firketin de Gazipa\u015fa&#8217;daki etkinli\u011fi, b\u00f6lgenin emlak potansiyelini ve yat\u0131r\u0131m f\u0131rsatlar\u0131n\u0131 daha da [&hellip;]<\/p>\n","protected":false},"author":1,"featured_media":0,"parent":0,"menu_order":0,"comment_status":"closed","ping_status":"closed","template":"page-full-width.php","meta":{"footnotes":""},"class_list":["post-4801","page","type-page","status-publish","hentry"],"_links":{"self":[{"href":"https:\/\/topalogluyapivegayrimenkul.com\/en\/wp-json\/wp\/v2\/pages\/4801","targetHints":{"allow":["GET"]}}],"collection":[{"href":"https:\/\/topalogluyapivegayrimenkul.com\/en\/wp-json\/wp\/v2\/pages"}],"about":[{"href":"https:\/\/topalogluyapivegayrimenkul.com\/en\/wp-json\/wp\/v2\/types\/page"}],"author":[{"embeddable":true,"href":"https:\/\/topalogluyapivegayrimenkul.com\/en\/wp-json\/wp\/v2\/users\/1"}],"replies":[{"embeddable":true,"href":"https:\/\/topalogluyapivegayrimenkul.com\/en\/wp-json\/wp\/v2\/comments?post=4801"}],"version-history":[{"count":7,"href":"https:\/\/topalogluyapivegayrimenkul.com\/en\/wp-json\/wp\/v2\/pages\/4801\/revisions"}],"predecessor-version":[{"id":4834,"href":"https:\/\/topalogluyapivegayrimenkul.com\/en\/wp-json\/wp\/v2\/pages\/4801\/revisions\/4834"}],"wp:attachment":[{"href":"https:\/\/topalogluyapivegayrimenkul.com\/en\/wp-json\/wp\/v2\/media?parent=4801"}],"curies":[{"name":"wp","href":"https:\/\/api.w.org\/{rel}","templated":true}]}}